{"id":13802,"date":"2022-07-04T17:17:36","date_gmt":"2022-07-04T15:17:36","guid":{"rendered":"https:\/\/www.micelogic.com\/es\/?page_id=13802"},"modified":"2022-07-12T12:06:32","modified_gmt":"2022-07-12T10:06:32","slug":"metodo","status":"publish","type":"page","link":"https:\/\/www.micelogic.com\/es\/metodo\/","title":{"rendered":"M\u00e9todo"},"content":{"rendered":"\t\t<div data-elementor-type=\"wp-page\" data-elementor-id=\"13802\" class=\"elementor elementor-13802\">\n\t\t\t\t\t\t<section class=\"elementor-section elementor-top-section elementor-element elementor-element-a3a9d41 elementor-section-full_width elementor-section-content-middle elementor-section-height-default elementor-section-height-default\" data-id=\"a3a9d41\" data-element_type=\"section\">\n\t\t\t\t\t\t<div class=\"elementor-container elementor-column-gap-wide\">\n\t\t\t\t\t<div class=\"elementor-column elementor-col-50 elementor-top-column elementor-element elementor-element-9654075\" data-id=\"9654075\" data-element_type=\"column\">\n\t\t\t<div class=\"elementor-widget-wrap elementor-element-populated\">\n\t\t\t\t\t\t<div class=\"elementor-element elementor-element-ef5cc28 elementor-widget elementor-widget-rs-heading\" data-id=\"ef5cc28\" data-element_type=\"widget\" data-widget_type=\"rs-heading.default\">\n\t\t\t\t<div class=\"elementor-widget-container\">\n\t\t\t        <div class=\"rs-heading default  \">\r\n        \t<div class=\"title-inner\">\r\n        \t\t      \t\t\r\n\t            <span class=\"sub-text \">El enfoque<\/span><h2 class=\"title\"><span class=\"watermark\"><\/span>Sencillo y l\u00f3gico<\/h2>\t        <\/div>\r\n\t                    \t<div class=\"description\">\r\n            \t\t<p>MICE Logic utiliza su amplia experiencia en el negocio de reuniones y eventos y la gesti\u00f3n agile de proyectos para ayudar a los hoteles y espacios de eventos a aumentar su rentabilidad, mejorar su rendimiento y acelerar el crecimiento.<\/p>            \t\t\r\n            \t<\/div>\r\n        \t        <\/div>\r\n\r\n        \t\t<\/div>\n\t\t\t\t<\/div>\n\t\t\t\t<div class=\"elementor-element elementor-element-c1792ce elementor-widget elementor-widget-text-editor\" data-id=\"c1792ce\" data-element_type=\"widget\" data-widget_type=\"text-editor.default\">\n\t\t\t\t<div class=\"elementor-widget-container\">\n\t\t\t\t\t\t\t<p>Un proceso de consultor\u00eda que comienza con una evaluaci\u00f3n inicial que establece recomendaciones y acciones concretas, que permiten a la empresa identificar oportunidades de negocio, \u00e1reas de mejora y el desarrollo potencial de automatizaci\u00f3n y tecnolog\u00eda.<\/p><p>La transformaci\u00f3n de negocio con un enfoque colaborativo, tanto a corto como a largo plazo, estructurada en diferentes proyectos modulares con unas acciones muy espec\u00edficas para su implementaci\u00f3n y mejora de resultados.<\/p>\t\t\t\t\t\t<\/div>\n\t\t\t\t<\/div>\n\t\t\t\t\t<\/div>\n\t\t<\/div>\n\t\t\t\t<div class=\"elementor-column elementor-col-50 elementor-top-column elementor-element elementor-element-112ba38 animated-slow elementor-invisible\" data-id=\"112ba38\" data-element_type=\"column\" data-settings=\"{&quot;animation&quot;:&quot;fadeInUp&quot;,&quot;animation_delay&quot;:500}\">\n\t\t\t<div class=\"elementor-widget-wrap elementor-element-populated\">\n\t\t\t\t\t\t<div class=\"elementor-element elementor-element-bda24a5 elementor-widget elementor-widget-image\" data-id=\"bda24a5\" data-element_type=\"widget\" data-widget_type=\"image.default\">\n\t\t\t\t<div class=\"elementor-widget-container\">\n\t\t\t\t\t\t\t\t\t\t\t\t\t<img decoding=\"async\" src=\"https:\/\/www.micelogic.com\/en\/wp-content\/uploads\/2022\/05\/samanthaPerez_5733_bajaRes-2.jpg\" title=\"\" alt=\"\" loading=\"lazy\" \/>\t\t\t\t\t\t\t\t\t\t\t\t\t<\/div>\n\t\t\t\t<\/div>\n\t\t\t\t\t<\/div>\n\t\t<\/div>\n\t\t\t\t\t<\/div>\n\t\t<\/section>\n\t\t\t\t<section class=\"elementor-section elementor-top-section elementor-element elementor-element-a8c39cf elementor-section-full_width elementor-section-height-default elementor-section-height-default\" data-id=\"a8c39cf\" data-element_type=\"section\">\n\t\t\t\t\t\t<div class=\"elementor-container elementor-column-gap-default\">\n\t\t\t\t\t<div class=\"elementor-column elementor-col-100 elementor-top-column elementor-element elementor-element-53926e9\" data-id=\"53926e9\" data-element_type=\"column\">\n\t\t\t<div class=\"elementor-widget-wrap elementor-element-populated\">\n\t\t\t\t\t\t<section class=\"elementor-section elementor-inner-section elementor-element elementor-element-31f8a58 elementor-section-full_width elementor-section-height-default elementor-section-height-default\" data-id=\"31f8a58\" data-element_type=\"section\">\n\t\t\t\t\t\t<div class=\"elementor-container elementor-column-gap-default\">\n\t\t\t\t\t<div class=\"elementor-column elementor-col-33 elementor-inner-column elementor-element elementor-element-35b61a8\" data-id=\"35b61a8\" data-element_type=\"column\">\n\t\t\t<div class=\"elementor-widget-wrap elementor-element-populated\">\n\t\t\t\t\t\t<div class=\"elementor-element elementor-element-ca48232 elementor-widget elementor-widget-rs-service-grid\" data-id=\"ca48232\" data-element_type=\"widget\" data-settings=\"{&quot;_animation&quot;:&quot;none&quot;}\" data-widget_type=\"rs-service-grid.default\">\n\t\t\t\t<div class=\"elementor-widget-container\">\n\t\t\t\t\t\r\n\t\t<div class=\"rs-animation-yes rs-addon-services services-style4 service_shape_\">\r\n\t\t    <div class=\"services-part style9-top\">\r\n\r\n\r\n\t\t    \t\t\t\t    \t\t    \t\t\r\n\t\t    \t\r\n\t\t    \t\t\t\r\n\t\t    \t\t\t\t\t\t    \t\t\t<div class=\"services-icon elementor-animation-shrink image \">\r\n\r\n\t\t\t\t\t    \t\t\r\n\t\t\t\t\t    \t\t\t\t\t\t\t\t    \t\t\t<img decoding=\"async\" class=\"main-img\" src=\"https:\/\/www.micelogic.com\/en\/wp-content\/uploads\/2022\/05\/magnifying-glass.png\" alt=\"Identificar\"\/>\r\n\t\t\t\t\t    \t\t\t\r\n\r\n\t\t\t\t\t    \t\t\r\n\t\t\t\t\t    \t\t\t\t\t\t    \t\t<\/div>\r\n\t\t\t    \t\t\r\n\r\n\t\t    \t\t\t    \t\t       \r\n\t\t\t    <div class=\"services-text\">\r\n\r\n\t\t\t    \t\r\n\r\n\t\t\t    \t\t\t\t\t    \t<div class=\"services-title\">\t\t\t\t    \t\t\r\n\t\t\t\t    \t\t\t\t\t\t    \t\t\t<h3 class=\"title\"> Identificar<\/h3>\r\n\t\t\t\t    \t\t\t\t\t\t    \t\t\r\n\t\t\t\t    \t<\/div>\r\n\t\t\t    \t\t\r\n\r\n\t\t\t    \t\t\t\t    \t\t<p class=\"services-txt\">  Identificamos oportunidades en todas las \u00e1reas relacionadas con el negocio MICE.<\/p>\t\r\n\t\t\t    \t\t\r\n\r\n\r\n\r\n\t\t\t    \t\t    \t    \t\t\t    \t    \t\r\n\r\n\r\n\r\n\t\t\t    <\/div>\r\n\t\t\t<\/div>\r\n\t\t<\/div>\t\r\n\t\t\r\n\t\t\t<\/div>\n\t\t\t\t<\/div>\n\t\t\t\t\t<\/div>\n\t\t<\/div>\n\t\t\t\t<div class=\"elementor-column elementor-col-33 elementor-inner-column elementor-element elementor-element-d692aa4\" data-id=\"d692aa4\" data-element_type=\"column\">\n\t\t\t<div class=\"elementor-widget-wrap elementor-element-populated\">\n\t\t\t\t\t\t<div class=\"elementor-element elementor-element-bc74732 icon_bg_style1 elementor-widget elementor-widget-rs-service-grid\" data-id=\"bc74732\" data-element_type=\"widget\" data-settings=\"{&quot;_animation&quot;:&quot;none&quot;}\" data-widget_type=\"rs-service-grid.default\">\n\t\t\t\t<div class=\"elementor-widget-container\">\n\t\t\t\t\t\r\n\t\t<div class=\"rs-animation-yes rs-addon-services services-style4 service_shape_\">\r\n\t\t    <div class=\"services-part style9-top\">\r\n\r\n\r\n\t\t    \t\t\t\t    \t\t    \t\t\r\n\t\t    \t\r\n\t\t    \t\t\t\r\n\t\t    \t\t\t\t\t\t    \t\t\t<div class=\"services-icon elementor-animation-shrink image \">\r\n\r\n\t\t\t\t\t    \t\t\r\n\t\t\t\t\t    \t\t\t\t\t\t\t\t    \t\t\t<img decoding=\"async\" class=\"main-img\" src=\"https:\/\/www.micelogic.com\/en\/wp-content\/uploads\/2022\/05\/systems-data-management-1.png\" alt=\"Transformar\"\/>\r\n\t\t\t\t\t    \t\t\t\r\n\r\n\t\t\t\t\t    \t\t\r\n\t\t\t\t\t    \t\t\t\t\t\t    \t\t<\/div>\r\n\t\t\t    \t\t\r\n\r\n\t\t    \t\t\t    \t\t       \r\n\t\t\t    <div class=\"services-text\">\r\n\r\n\t\t\t    \t\r\n\r\n\t\t\t    \t\t\t\t\t    \t<div class=\"services-title\">\t\t\t\t    \t\t\r\n\t\t\t\t    \t\t\t\t\t\t    \t\t\t<h3 class=\"title\"> Transformar<\/h3>\r\n\t\t\t\t    \t\t\t\t\t\t    \t\t\r\n\t\t\t\t    \t<\/div>\r\n\t\t\t    \t\t\r\n\r\n\t\t\t    \t\t\t\t    \t\t<p class=\"services-txt\">  Definimos acciones concretas para ayudar a transformar tu negocio.<br><\/p>\t\r\n\t\t\t    \t\t\r\n\r\n\r\n\r\n\t\t\t    \t\t    \t    \t\t\t    \t    \t\r\n\r\n\r\n\r\n\t\t\t    <\/div>\r\n\t\t\t<\/div>\r\n\t\t<\/div>\t\r\n\t\t\r\n\t\t\t<\/div>\n\t\t\t\t<\/div>\n\t\t\t\t\t<\/div>\n\t\t<\/div>\n\t\t\t\t<div class=\"elementor-column elementor-col-33 elementor-inner-column elementor-element elementor-element-2dbf909\" data-id=\"2dbf909\" data-element_type=\"column\">\n\t\t\t<div class=\"elementor-widget-wrap elementor-element-populated\">\n\t\t\t\t\t\t<div class=\"elementor-element elementor-element-05971aa icon_bg_style1 elementor-widget elementor-widget-rs-service-grid\" data-id=\"05971aa\" data-element_type=\"widget\" data-settings=\"{&quot;_animation&quot;:&quot;none&quot;}\" data-widget_type=\"rs-service-grid.default\">\n\t\t\t\t<div class=\"elementor-widget-container\">\n\t\t\t\t\t\r\n\t\t<div class=\"rs-animation-yes rs-addon-services services-style4 service_shape_\">\r\n\t\t    <div class=\"services-part style9-top\">\r\n\r\n\r\n\t\t    \t\t\t\t    \t\t    \t\t\r\n\t\t    \t\r\n\t\t    \t\t\t\r\n\t\t    \t\t\t\t\t\t    \t\t\t<div class=\"services-icon elementor-animation-shrink image \">\r\n\r\n\t\t\t\t\t    \t\t\r\n\t\t\t\t\t    \t\t\t\t\t\t\t\t    \t\t\t<img decoding=\"async\" class=\"main-img\" src=\"https:\/\/www.micelogic.com\/en\/wp-content\/uploads\/2022\/05\/revenue-strategy-1.png\" alt=\"Crecer\"\/>\r\n\t\t\t\t\t    \t\t\t\r\n\r\n\t\t\t\t\t    \t\t\r\n\t\t\t\t\t    \t\t\t\t\t\t    \t\t<\/div>\r\n\t\t\t    \t\t\r\n\r\n\t\t    \t\t\t    \t\t       \r\n\t\t\t    <div class=\"services-text\">\r\n\r\n\t\t\t    \t\r\n\r\n\t\t\t    \t\t\t\t\t    \t<div class=\"services-title\">\t\t\t\t    \t\t\r\n\t\t\t\t    \t\t\t\t\t\t    \t\t\t<h3 class=\"title\"> Crecer<\/h3>\r\n\t\t\t\t    \t\t\t\t\t\t    \t\t\r\n\t\t\t\t    \t<\/div>\r\n\t\t\t    \t\t\r\n\r\n\t\t\t    \t\t\t\t    \t\t<p class=\"services-txt\">  Implementamos y ejecutamos dichas acciones con un crecimiento sostenible.<\/p>\t\r\n\t\t\t    \t\t\r\n\r\n\r\n\r\n\t\t\t    \t\t    \t    \t\t\t    \t    \t\r\n\r\n\r\n\r\n\t\t\t    <\/div>\r\n\t\t\t<\/div>\r\n\t\t<\/div>\t\r\n\t\t\r\n\t\t\t<\/div>\n\t\t\t\t<\/div>\n\t\t\t\t\t<\/div>\n\t\t<\/div>\n\t\t\t\t\t<\/div>\n\t\t<\/section>\n\t\t\t\t\t<\/div>\n\t\t<\/div>\n\t\t\t\t\t<\/div>\n\t\t<\/section>\n\t\t\t\t<\/div>\n\t\t","protected":false},"excerpt":{"rendered":"<p>El enfoque Sencillo y l\u00f3gico MICE Logic utiliza su amplia experiencia en el negocio de reuniones y eventos y la gesti\u00f3n agile de proyectos para ayudar a los hoteles y espacios de eventos a aumentar su rentabilidad, mejorar su rendimiento y acelerar el crecimiento. Un proceso de consultor\u00eda que comienza con una evaluaci\u00f3n inicial que&#8230;<\/p>\n","protected":false},"author":1,"featured_media":0,"parent":0,"menu_order":0,"comment_status":"closed","ping_status":"closed","template":"","meta":{"footnotes":""},"class_list":["post-13802","page","type-page","status-publish","hentry"],"aioseo_notices":[],"_links":{"self":[{"href":"https:\/\/www.micelogic.com\/es\/wp-json\/wp\/v2\/pages\/13802","targetHints":{"allow":["GET"]}}],"collection":[{"href":"https:\/\/www.micelogic.com\/es\/wp-json\/wp\/v2\/pages"}],"about":[{"href":"https:\/\/www.micelogic.com\/es\/wp-json\/wp\/v2\/types\/page"}],"author":[{"embeddable":true,"href":"https:\/\/www.micelogic.com\/es\/wp-json\/wp\/v2\/users\/1"}],"replies":[{"embeddable":true,"href":"https:\/\/www.micelogic.com\/es\/wp-json\/wp\/v2\/comments?post=13802"}],"version-history":[{"count":13,"href":"https:\/\/www.micelogic.com\/es\/wp-json\/wp\/v2\/pages\/13802\/revisions"}],"predecessor-version":[{"id":13882,"href":"https:\/\/www.micelogic.com\/es\/wp-json\/wp\/v2\/pages\/13802\/revisions\/13882"}],"wp:attachment":[{"href":"https:\/\/www.micelogic.com\/es\/wp-json\/wp\/v2\/media?parent=13802"}],"curies":[{"name":"wp","href":"https:\/\/api.w.org\/{rel}","templated":true}]}}