{"id":13812,"date":"2022-07-04T17:51:16","date_gmt":"2022-07-04T15:51:16","guid":{"rendered":"https:\/\/www.micelogic.com\/es\/?page_id=13812"},"modified":"2022-07-11T19:05:25","modified_gmt":"2022-07-11T17:05:25","slug":"conocenos","status":"publish","type":"page","link":"https:\/\/www.micelogic.com\/es\/conocenos\/","title":{"rendered":"Con\u00f3cenos"},"content":{"rendered":"\t\t<div data-elementor-type=\"wp-page\" data-elementor-id=\"13812\" class=\"elementor elementor-13812\">\n\t\t\t\t\t\t<section class=\"elementor-section elementor-top-section elementor-element elementor-element-30db878 elementor-section-full_width elementor-section-content-middle elementor-section-height-default elementor-section-height-default\" data-id=\"30db878\" data-element_type=\"section\">\n\t\t\t\t\t\t<div class=\"elementor-container elementor-column-gap-wide\">\n\t\t\t\t\t<div class=\"elementor-column elementor-col-33 elementor-top-column elementor-element elementor-element-51a20a4 animated-slow elementor-invisible\" data-id=\"51a20a4\" data-element_type=\"column\" data-settings=\"{&quot;animation&quot;:&quot;fadeInUp&quot;,&quot;animation_delay&quot;:500}\">\n\t\t\t<div class=\"elementor-widget-wrap elementor-element-populated\">\n\t\t\t\t\t\t<div class=\"elementor-element elementor-element-dfd0fa1 elementor-widget elementor-widget-image\" data-id=\"dfd0fa1\" data-element_type=\"widget\" data-widget_type=\"image.default\">\n\t\t\t\t<div class=\"elementor-widget-container\">\n\t\t\t\t\t\t\t\t\t\t\t\t\t<img fetchpriority=\"high\" decoding=\"async\" width=\"640\" height=\"960\" src=\"https:\/\/www.micelogic.com\/es\/wp-content\/uploads\/2022\/07\/samanthaPerez_5769_Vertical_bajaRes-683x1024.jpg\" class=\"attachment-large size-large wp-image-13873\" alt=\"\" srcset=\"https:\/\/www.micelogic.com\/es\/wp-content\/uploads\/2022\/07\/samanthaPerez_5769_Vertical_bajaRes-683x1024.jpg 683w, https:\/\/www.micelogic.com\/es\/wp-content\/uploads\/2022\/07\/samanthaPerez_5769_Vertical_bajaRes-200x300.jpg 200w, https:\/\/www.micelogic.com\/es\/wp-content\/uploads\/2022\/07\/samanthaPerez_5769_Vertical_bajaRes-768x1152.jpg 768w, https:\/\/www.micelogic.com\/es\/wp-content\/uploads\/2022\/07\/samanthaPerez_5769_Vertical_bajaRes.jpg 800w\" sizes=\"(max-width: 640px) 100vw, 640px\" \/>\t\t\t\t\t\t\t\t\t\t\t\t\t<\/div>\n\t\t\t\t<\/div>\n\t\t\t\t\t<\/div>\n\t\t<\/div>\n\t\t\t\t<div class=\"elementor-column elementor-col-66 elementor-top-column elementor-element elementor-element-ae19713\" data-id=\"ae19713\" data-element_type=\"column\">\n\t\t\t<div class=\"elementor-widget-wrap elementor-element-populated\">\n\t\t\t\t\t\t<div class=\"elementor-element elementor-element-db55175 elementor-widget elementor-widget-rs-heading\" data-id=\"db55175\" data-element_type=\"widget\" data-widget_type=\"rs-heading.default\">\n\t\t\t\t<div class=\"elementor-widget-container\">\n\t\t\t        <div class=\"rs-heading default  \">\r\n        \t<div class=\"title-inner\">\r\n        \t\t      \t\t\r\n\t            <span class=\"sub-text \">Sobre MICE Logic<\/span><h2 class=\"title\"><span class=\"watermark\"><\/span>Consultor\u00eda para hoteles y venues<\/h2>\t        <\/div>\r\n\t                    \t<div class=\"description\">\r\n            \t\t<p><strong>Samantha P\u00e9rez<\/strong>, fundadora de MICE Logic, es una profesional apasionada y comprometida con m\u00e1s de 25 a\u00f1os de s\u00f3lida experiencia profesional en la transformaci\u00f3n del negocio de eventos y reuniones, estrategia de ventas, tecnolog\u00eda y operativa grupal hotelera. Trabaja de forma transversal con equipos multidisciplinares para alcanzar los objetivos comunes de cara a\u00a0 incrementar el valor y la rentabilidad del negocio.<\/p><p><strong>La consultor\u00eda MICE Logic<\/strong> es el resultado de un largo camino de constante aprendizaje. La visi\u00f3n global de Samantha se ha forjado en los mejores hoteles internacionales alrededor del mundo.<\/p><p>Con la lujosa cadena americana <strong>The Ritz-Carlton Hotel Company<\/strong>, adquiri\u00f3 una visi\u00f3n del cliente y la operativa de eventos centrada en la excelencia, y domin\u00f3 con mucho \u00e9xito la gesti\u00f3n de convenciones y eventos al servicio de grandes clientes de referencia internacional.<\/p><p>Su profundo conocimiento del negocio fue clave para la implantaci\u00f3n de est\u00e1ndares operativos MICE en Meli\u00e1 Hotels International y desempe\u00f1\u00f3 un papel estrat\u00e9gico clave en la transformaci\u00f3n digital B2B como \u201cbusiness owner\u201d de la tecnolog\u00eda, redefiniendo la estrategia de ventas digitales y la nueva propuesta de valor implementada en todos los hoteles y equipos de ventas del mundo.<\/p><p>El pensamiento t\u00e1ctico de Samantha, y su amplia visi\u00f3n del mercado global, ayudaron a <strong>NH Hotel Group<\/strong> a redefinir con \u00e9xito su estrategia de ventas digitales MICE.<\/p>            \t\t\r\n            \t<\/div>\r\n        \t        <\/div>\r\n\r\n        \t\t<\/div>\n\t\t\t\t<\/div>\n\t\t\t\t\t<\/div>\n\t\t<\/div>\n\t\t\t\t\t<\/div>\n\t\t<\/section>\n\t\t\t\t<section class=\"elementor-section elementor-top-section elementor-element elementor-element-57f970b elementor-section-stretched elementor-section-full_width md-bg-hidden elementor-section-content-bottom elementor-section-height-default elementor-section-height-default\" data-id=\"57f970b\" data-element_type=\"section\" data-settings=\"{&quot;stretch_section&quot;:&quot;section-stretched&quot;,&quot;background_background&quot;:&quot;classic&quot;}\">\n\t\t\t\t\t\t<div class=\"elementor-container elementor-column-gap-default\">\n\t\t\t\t\t<div class=\"elementor-column elementor-col-100 elementor-top-column elementor-element elementor-element-d44ccb8\" data-id=\"d44ccb8\" data-element_type=\"column\">\n\t\t\t<div class=\"elementor-widget-wrap elementor-element-populated\">\n\t\t\t\t\t\t<section class=\"elementor-section elementor-inner-section elementor-element elementor-element-4581571 elementor-section-content-bottom elementor-section-boxed elementor-section-height-default elementor-section-height-default\" data-id=\"4581571\" data-element_type=\"section\">\n\t\t\t\t\t\t<div class=\"elementor-container elementor-column-gap-default\">\n\t\t\t\t\t<div class=\"elementor-column elementor-col-50 elementor-inner-column elementor-element elementor-element-3708dad\" data-id=\"3708dad\" data-element_type=\"column\">\n\t\t\t<div class=\"elementor-widget-wrap elementor-element-populated\">\n\t\t\t\t\t\t<div class=\"elementor-element elementor-element-07f3a7a elementor-widget elementor-widget-rs-heading\" data-id=\"07f3a7a\" data-element_type=\"widget\" data-widget_type=\"rs-heading.default\">\n\t\t\t\t<div class=\"elementor-widget-container\">\n\t\t\t        <div class=\"rs-heading default  \">\r\n        \t<div class=\"title-inner\">\r\n        \t\t      \t\t\r\n\t            <h2 class=\"title\"><span class=\"watermark\"><\/span>Values<\/h2>\t        <\/div>\r\n\t                <\/div>\r\n\r\n        \t\t<\/div>\n\t\t\t\t<\/div>\n\t\t\t\t<div class=\"elementor-element elementor-element-6585940 elementor-widget elementor-widget-rs-service-grid\" data-id=\"6585940\" data-element_type=\"widget\" data-settings=\"{&quot;_animation&quot;:&quot;none&quot;}\" data-widget_type=\"rs-service-grid.default\">\n\t\t\t\t<div class=\"elementor-widget-container\">\n\t\t\t\t\t\r\n\t\t<div class=\"rs-animation-yes rs-addon-services services-style4 service_shape_\">\r\n\t\t    <div class=\"services-part style9-\">\r\n\r\n\r\n\t\t    \t\t\t\t    \t\t    \t\t\r\n\t\t    \t\r\n\t\t    \t\t\t\r\n\t\t    \t\t\t\t\t\t    \t\t\t<div class=\"services-icon elementor-animation-pulse icon no\">\r\n\r\n\t\t\t\t\t    \t\t\t\t\t\t\t    \t\t\t<i class=\"fa fa fa-check\"><\/i>\r\n\t\t\t\t\t    \t\t\r\n\t\t\t\t\t    \t\t\r\n\t\t\t\t\t    \t\t\t\t\t\t    \t\t<\/div>\r\n\t\t\t    \t\t\r\n\r\n\t\t    \t\t\t    \t\t       \r\n\t\t\t    <div class=\"services-text\">\r\n\r\n\t\t\t    \t\r\n\r\n\t\t\t    \t\t\t\t\t    \t<div class=\"services-title\">\t\t\t\t    \t\t\r\n\t\t\t\t    \t\t\t\t\t\t    \t\t\t<h3 class=\"title\"> Integridad<\/h3>\r\n\t\t\t\t    \t\t\t\t\t\t    \t\t\r\n\t\t\t\t    \t<\/div>\r\n\t\t\t    \t\t\r\n\r\n\t\t\t    \t\t\t\t    \t\t<p class=\"services-txt\">  S\u00f3lida, responsable, coherente con mis decisiones, siempre busco contribuir al bien com\u00fan.<\/p>\t\r\n\t\t\t    \t\t\r\n\r\n\r\n\r\n\t\t\t    \t\t    \t    \t\t\t    \t    \t\r\n\r\n\r\n\r\n\t\t\t    <\/div>\r\n\t\t\t<\/div>\r\n\t\t<\/div>\t\r\n\t\t\r\n\t\t\t<\/div>\n\t\t\t\t<\/div>\n\t\t\t\t<div class=\"elementor-element elementor-element-d6e608b elementor-widget elementor-widget-rs-service-grid\" data-id=\"d6e608b\" data-element_type=\"widget\" data-widget_type=\"rs-service-grid.default\">\n\t\t\t\t<div class=\"elementor-widget-container\">\n\t\t\t\t\t\r\n\t\t<div class=\" rs-addon-services services-style4 service_shape_\">\r\n\t\t    <div class=\"services-part style9-\">\r\n\r\n\r\n\t\t    \t\t\t\t    \t\t    \t\t\r\n\t\t    \t\r\n\t\t    \t\t\t\r\n\t\t    \t\t\t\t\t\t    \t\t\t<div class=\"services-icon  icon no\">\r\n\r\n\t\t\t\t\t    \t\t\t\t\t\t\t    \t\t\t<i class=\"fa fa fa-check\"><\/i>\r\n\t\t\t\t\t    \t\t\r\n\t\t\t\t\t    \t\t\r\n\t\t\t\t\t    \t\t\t\t\t\t    \t\t<\/div>\r\n\t\t\t    \t\t\r\n\r\n\t\t    \t\t\t    \t\t       \r\n\t\t\t    <div class=\"services-text\">\r\n\r\n\t\t\t    \t\r\n\r\n\t\t\t    \t\t\t\t\t    \t<div class=\"services-title\">\t\t\t\t    \t\t\r\n\t\t\t\t    \t\t\t\t\t\t    \t\t\t<h3 class=\"title\"> Excelencia<\/h3>\r\n\t\t\t\t    \t\t\t\t\t\t    \t\t\r\n\t\t\t\t    \t<\/div>\r\n\t\t\t    \t\t\r\n\r\n\t\t\t    \t\t\t\t    \t\t<p class=\"services-txt\">  Busco la mejora continua y unos resultados tangibles. Me adapto para ir siempre por delante de las necesidades del cliente.<\/p>\t\r\n\t\t\t    \t\t\r\n\r\n\r\n\r\n\t\t\t    \t\t    \t    \t\t\t    \t    \t\r\n\r\n\r\n\r\n\t\t\t    <\/div>\r\n\t\t\t<\/div>\r\n\t\t<\/div>\t\r\n\t\t\r\n\t\t\t<\/div>\n\t\t\t\t<\/div>\n\t\t\t\t<div class=\"elementor-element elementor-element-6b8ba1b elementor-widget elementor-widget-rs-service-grid\" data-id=\"6b8ba1b\" data-element_type=\"widget\" data-widget_type=\"rs-service-grid.default\">\n\t\t\t\t<div class=\"elementor-widget-container\">\n\t\t\t\t\t\r\n\t\t<div class=\" rs-addon-services services-style4 service_shape_\">\r\n\t\t    <div class=\"services-part style9-\">\r\n\r\n\r\n\t\t    \t\t\t\t    \t\t    \t\t\r\n\t\t    \t\r\n\t\t    \t\t\t\r\n\t\t    \t\t\t\t\t\t    \t\t\t<div class=\"services-icon  icon no\">\r\n\r\n\t\t\t\t\t    \t\t\t\t\t\t\t    \t\t\t<i class=\"fa fa fa-check\"><\/i>\r\n\t\t\t\t\t    \t\t\r\n\t\t\t\t\t    \t\t\r\n\t\t\t\t\t    \t\t\t\t\t\t    \t\t<\/div>\r\n\t\t\t    \t\t\r\n\r\n\t\t    \t\t\t    \t\t       \r\n\t\t\t    <div class=\"services-text\">\r\n\r\n\t\t\t    \t\r\n\r\n\t\t\t    \t\t\t\t\t    \t<div class=\"services-title\">\t\t\t\t    \t\t\r\n\t\t\t\t    \t\t\t\t\t\t    \t\t\t<h3 class=\"title\"> Compromiso<\/h3>\r\n\t\t\t\t    \t\t\t\t\t\t    \t\t\r\n\t\t\t\t    \t<\/div>\r\n\t\t\t    \t\t\r\n\r\n\t\t\t    \t\t\t\t    \t\t<p class=\"services-txt\">  Me implico con tu equipo, el crecimiento de tu empresa y el cuidado verdadero de tus intereses.<\/p>\t\r\n\t\t\t    \t\t\r\n\r\n\r\n\r\n\t\t\t    \t\t    \t    \t\t\t    \t    \t\r\n\r\n\r\n\r\n\t\t\t    <\/div>\r\n\t\t\t<\/div>\r\n\t\t<\/div>\t\r\n\t\t\r\n\t\t\t<\/div>\n\t\t\t\t<\/div>\n\t\t\t\t\t<\/div>\n\t\t<\/div>\n\t\t\t\t<div class=\"elementor-column elementor-col-50 elementor-inner-column elementor-element elementor-element-f3f9366\" data-id=\"f3f9366\" data-element_type=\"column\">\n\t\t\t<div class=\"elementor-widget-wrap elementor-element-populated\">\n\t\t\t\t\t\t<div class=\"elementor-element elementor-element-bff61e8 elementor-widget elementor-widget-rs-heading\" data-id=\"bff61e8\" data-element_type=\"widget\" data-widget_type=\"rs-heading.default\">\n\t\t\t\t<div class=\"elementor-widget-container\">\n\t\t\t        <div class=\"rs-heading default  \">\r\n        \t<div class=\"title-inner\">\r\n        \t\t      \t\t\r\n\t            <h2 class=\"title\"><span class=\"watermark\"><\/span>Mi misi\u00f3n<\/h2>\t        <\/div>\r\n\t                    \t<div class=\"description\">\r\n            \t\tSer un instrumento catalizador de transformaci\u00f3n y crecimiento, guiando y ayudando a mejorar a las empresas hoteleras y espacios de eventos para maximizar el valor ofrecido a sus clientes haciendo uso de la tecnolog\u00eda, el pensamiento estrat\u00e9gico y el compromiso con el equipo de ventas como detonantes de este gran cambio.\n\n<img decoding=\"async\" class=\"alignnone wp-image-14141 size-full\" src=\"https:\/\/www.micelogic.com\/en\/wp-content\/uploads\/2022\/05\/my-mission.jpg\" alt=\"\" width=\"600\" height=\"400\" \/>            \t\t\r\n            \t<\/div>\r\n        \t        <\/div>\r\n\r\n        \t\t<\/div>\n\t\t\t\t<\/div>\n\t\t\t\t\t<\/div>\n\t\t<\/div>\n\t\t\t\t\t<\/div>\n\t\t<\/section>\n\t\t\t\t\t<\/div>\n\t\t<\/div>\n\t\t\t\t\t<\/div>\n\t\t<\/section>\n\t\t\t\t<\/div>\n\t\t","protected":false},"excerpt":{"rendered":"<p>Sobre MICE Logic Consultor\u00eda para hoteles y venues Samantha P\u00e9rez, fundadora de MICE Logic, es una profesional apasionada y comprometida con m\u00e1s de 25 a\u00f1os de s\u00f3lida experiencia profesional en la transformaci\u00f3n del negocio de eventos y reuniones, estrategia de ventas, tecnolog\u00eda y operativa grupal hotelera. Trabaja de forma transversal con equipos multidisciplinares para alcanzar&#8230;<\/p>\n","protected":false},"author":1,"featured_media":0,"parent":0,"menu_order":0,"comment_status":"closed","ping_status":"closed","template":"","meta":{"footnotes":""},"class_list":["post-13812","page","type-page","status-publish","hentry"],"aioseo_notices":[],"_links":{"self":[{"href":"https:\/\/www.micelogic.com\/es\/wp-json\/wp\/v2\/pages\/13812","targetHints":{"allow":["GET"]}}],"collection":[{"href":"https:\/\/www.micelogic.com\/es\/wp-json\/wp\/v2\/pages"}],"about":[{"href":"https:\/\/www.micelogic.com\/es\/wp-json\/wp\/v2\/types\/page"}],"author":[{"embeddable":true,"href":"https:\/\/www.micelogic.com\/es\/wp-json\/wp\/v2\/users\/1"}],"replies":[{"embeddable":true,"href":"https:\/\/www.micelogic.com\/es\/wp-json\/wp\/v2\/comments?post=13812"}],"version-history":[{"count":17,"href":"https:\/\/www.micelogic.com\/es\/wp-json\/wp\/v2\/pages\/13812\/revisions"}],"predecessor-version":[{"id":13876,"href":"https:\/\/www.micelogic.com\/es\/wp-json\/wp\/v2\/pages\/13812\/revisions\/13876"}],"wp:attachment":[{"href":"https:\/\/www.micelogic.com\/es\/wp-json\/wp\/v2\/media?parent=13812"}],"curies":[{"name":"wp","href":"https:\/\/api.w.org\/{rel}","templated":true}]}}