{"id":13825,"date":"2022-07-04T18:36:01","date_gmt":"2022-07-04T16:36:01","guid":{"rendered":"https:\/\/www.micelogic.com\/es\/?page_id=13825"},"modified":"2023-05-29T18:32:12","modified_gmt":"2023-05-29T16:32:12","slug":"contacto","status":"publish","type":"page","link":"https:\/\/www.micelogic.com\/es\/contacto\/","title":{"rendered":"Contacto"},"content":{"rendered":"\t\t<div data-elementor-type=\"wp-page\" data-elementor-id=\"13825\" class=\"elementor elementor-13825\">\n\t\t\t\t\t\t<section class=\"elementor-section elementor-top-section elementor-element elementor-element-9f26ebc elementor-section-boxed elementor-section-height-default elementor-section-height-default\" data-id=\"9f26ebc\" data-element_type=\"section\">\n\t\t\t\t\t\t<div class=\"elementor-container elementor-column-gap-default\">\n\t\t\t\t\t<div class=\"elementor-column elementor-col-100 elementor-top-column elementor-element elementor-element-f35522f\" data-id=\"f35522f\" data-element_type=\"column\">\n\t\t\t<div class=\"elementor-widget-wrap elementor-element-populated\">\n\t\t\t\t\t\t<section class=\"elementor-section elementor-inner-section elementor-element elementor-element-471ecf2 elementor-section-boxed elementor-section-height-default elementor-section-height-default\" data-id=\"471ecf2\" data-element_type=\"section\">\n\t\t\t\t\t\t<div class=\"elementor-container elementor-column-gap-default\">\n\t\t\t\t\t<div class=\"elementor-column elementor-col-33 elementor-inner-column elementor-element elementor-element-d722044 rs-contacta_info\" data-id=\"d722044\" data-element_type=\"column\" data-settings=\"{&quot;background_background&quot;:&quot;classic&quot;}\">\n\t\t\t<div class=\"elementor-widget-wrap elementor-element-populated\">\n\t\t\t\t\t\t<div class=\"elementor-element elementor-element-2a6e020 elementor-widget elementor-widget-rs-heading\" data-id=\"2a6e020\" data-element_type=\"widget\" data-widget_type=\"rs-heading.default\">\n\t\t\t\t<div class=\"elementor-widget-container\">\n\t\t\t        <div class=\"rs-heading default left \">\r\n        \t<div class=\"title-inner\">\r\n        \t\t      \t\t\r\n\t            <h3 class=\"title\"><span class=\"watermark\"><\/span>Informaci\u00f3n<\/h3>\t        <\/div>\r\n\t                <\/div>\r\n\r\n        \t\t<\/div>\n\t\t\t\t<\/div>\n\t\t\t\t<div class=\"elementor-element elementor-element-7111707 elementor-position-left elementor-view-default elementor-mobile-position-top elementor-vertical-align-top elementor-widget elementor-widget-icon-box\" data-id=\"7111707\" data-element_type=\"widget\" data-widget_type=\"icon-box.default\">\n\t\t\t\t<div class=\"elementor-widget-container\">\n\t\t\t\t\t<div class=\"elementor-icon-box-wrapper\">\n\n\t\t\t\t\t\t<div class=\"elementor-icon-box-icon\">\n\t\t\t\t<span  class=\"elementor-icon elementor-animation-\">\n\t\t\t\t<svg xmlns=\"http:\/\/www.w3.org\/2000\/svg\" height=\"512px\" viewBox=\"0 0 512 512.00102\" width=\"512px\" class=\"\"><g><path d=\"m274.601562 168.46875c38.007813 0 68.929688 30.921875 68.929688 68.929688 0 4.210937 3.414062 7.621093 7.621094 7.621093h30.496094c4.210937 0 7.625-3.410156 7.625-7.621093 0-63.230469-51.441407-114.671876-114.671876-114.671876-4.210937 0-7.625 3.414063-7.625 7.625v30.492188c0 4.210938 3.414063 7.625 7.625 7.625zm7.625-30.203125c48.753907 3.714844 87.792969 42.753906 91.507813 91.507813h-15.300781c-3.636719-40.34375-35.863282-72.570313-76.210938-76.210938v-15.296875zm0 0\" data-original=\"#000000\" class=\"active-path\" data-old_color=\"#000000\" fill=\"#FFFFFF\"><\/path><path d=\"m279.683594 106.816406c69.203125 0 125.5 56.296875 125.5 125.5 0 4.210938 3.414062 7.625 7.625 7.625h30.492187c4.210938 0 7.625-3.414062 7.625-7.625 0-94.421875-76.820312-171.242187-171.242187-171.242187-4.210938 0-7.621094 3.414062-7.621094 7.625v30.492187c0 4.210938 3.410156 7.625 7.621094 7.625zm7.625-30.3125c79.960937 3.867188 144.316406 68.226563 148.183594 148.1875h-15.265626c-3.839843-71.550781-61.367187-129.082031-132.917968-132.917968zm0 0\" data-original=\"#000000\" class=\"active-path\" data-old_color=\"#000000\" fill=\"#FFFFFF\"><\/path><path d=\"m284.769531 45.742188c100.074219 0 181.488281 81.417968 181.488281 181.492187 0 4.207031 3.414063 7.621094 7.625 7.621094h30.492188c4.210938 0 7.625-3.414063 7.625-7.621094 0-25.816406-4.261719-51.105469-12.667969-75.15625-1.386719-3.976563-5.734375-6.074219-9.710937-4.683594-3.972656 1.390625-6.070313 5.738281-4.683594 9.710938 7.011719 20.0625 10.933594 41.054687 11.683594 62.503906h-15.261719c-3.925781-102.425781-86.542969-185.042969-188.96875-188.96875v-15.261719c53.765625 1.886719 104.035156 23.71875 142.273437 61.957032 14.910157 14.910156 27.441407 31.769531 37.253907 50.109374 1.984375 3.714844 6.605469 5.113282 10.316406 3.128907 3.714844-1.988281 5.113281-6.605469 3.128906-10.320313-10.519531-19.664062-23.949219-37.730468-39.917969-53.699218-42.917968-42.917969-99.980468-66.554688-160.675781-66.554688-4.210937 0-7.625 3.414062-7.625 7.625v30.492188c0 4.210937 3.414063 7.625 7.625 7.625zm0 0\" data-original=\"#000000\" class=\"active-path\" data-old_color=\"#000000\" fill=\"#FFFFFF\"><\/path><path d=\"m426.28125 308.117188c-6.667969-6.671876-15.53125-10.34375-24.964844-10.34375-9.429687 0-18.296875 3.671874-24.964844 10.34375l-37.589843 37.589843c-16.453125 16.453125-43.222657 16.453125-59.675781 0l-112.792969-112.796875c-16.453125-16.453125-16.453125-43.222656-.003907-59.671875l37.59375-37.59375c6.667969-6.667969 10.34375-15.535156 10.34375-24.964843 0-9.429688-3.675781-18.296876-10.34375-24.964844l-75.386718-75.375c-13.765625-13.765625-36.164063-13.765625-49.929688 0l-28.871094 28.871094c-32.046874 32.039062-49.695312 74.644531-49.695312 119.957031 0 45.316406 17.648438 87.917969 49.695312 119.960937l13.964844 13.964844c2.976563 2.976562 7.804688 2.976562 10.78125 0 2.976563-2.980469 2.976563-7.804688 0-10.78125l-13.964844-13.964844c-29.164062-29.160156-45.230468-67.933594-45.230468-109.179687 0-38.691407 14.136718-75.207031 39.96875-103.652344l103.617187 103.617187-3.320312 3.320313c-22.398438 22.398437-22.398438 58.84375 0 81.238281l112.792969 112.796875c22.398437 22.394531 58.839843 22.394531 81.238281.003907l3.324219-3.328126 103.601562 103.605469c-17.449219 15.804688-38.339844 27.5-60.867188 33.976563-54.03125 15.507812-112.253906.480468-151.949218-39.222656l-143.796875-143.800782c-2.980469-2.976562-7.804688-2.976562-10.78125 0-2.976563 2.980469-2.976563 7.804688 0 10.78125l143.796875 143.800782c32.253906 32.261718 75.636718 49.699218 120.066406 49.695312 15.636719 0 31.417969-2.160156 46.875-6.597656 27.4375-7.890625 52.671875-22.792969 72.976562-43.097656l28.871094-28.871094c13.765625-13.765625 13.765625-36.164063 0-49.929688zm-360.414062-263.515626 23.480468-23.480468c7.820313-7.820313 20.546875-7.820313 28.367188 0l75.386718 75.375c3.789063 3.789062 5.875 8.828125 5.875 14.183594 0 5.359374-2.085937 10.394531-5.875 14.1875l-23.488281 23.484374zm425.011718 378.050782-23.484375 23.480468-103.746093-103.75 23.488281-23.484374c3.785156-3.789063 8.824219-5.875 14.179687-5.875 5.359375 0 10.398438 2.085937 14.183594 5.875l75.378906 75.386718c3.789063 3.789063 5.875 8.828125 5.875 14.183594s-2.085937 10.394531-5.875 14.183594zm0 0\" data-original=\"#000000\" class=\"active-path\" data-old_color=\"#000000\" fill=\"#FFFFFF\"><\/path><\/g><\/svg>\t\t\t\t<\/span>\n\t\t\t<\/div>\n\t\t\t\n\t\t\t\t\t\t<div class=\"elementor-icon-box-content\">\n\n\t\t\t\t\t\t\t\t\t<div class=\"elementor-icon-box-title\">\n\t\t\t\t\t\t<span  >\n\t\t\t\t\t\t\tTel\u00e9fono\t\t\t\t\t\t<\/span>\n\t\t\t\t\t<\/div>\n\t\t\t\t\n\t\t\t\t\t\t\t\t\t<p class=\"elementor-icon-box-description\">\n\t\t\t\t\t\t(+34) 647 585 553\t\t\t\t\t<\/p>\n\t\t\t\t\n\t\t\t<\/div>\n\t\t\t\n\t\t<\/div>\n\t\t\t\t<\/div>\n\t\t\t\t<\/div>\n\t\t\t\t<div class=\"elementor-element elementor-element-4771050 elementor-position-left elementor-view-default elementor-mobile-position-top elementor-vertical-align-top elementor-widget elementor-widget-icon-box\" data-id=\"4771050\" data-element_type=\"widget\" data-widget_type=\"icon-box.default\">\n\t\t\t\t<div class=\"elementor-widget-container\">\n\t\t\t\t\t<div class=\"elementor-icon-box-wrapper\">\n\n\t\t\t\t\t\t<div class=\"elementor-icon-box-icon\">\n\t\t\t\t<a href=\"mailto:samantha@micelogic.com\" class=\"elementor-icon elementor-animation-\" tabindex=\"-1\">\n\t\t\t\t<svg xmlns=\"http:\/\/www.w3.org\/2000\/svg\" xmlns:xlink=\"http:\/\/www.w3.org\/1999\/xlink\" id=\"Layer_1\" x=\"0px\" y=\"0px\" viewBox=\"0 0 469.333 469.333\" style=\"enable-background:new 0 0 469.333 469.333;\" xml:space=\"preserve\" width=\"512px\" height=\"512px\" class=\"\"><g><g>\t<g>\t\t<g>\t\t\t<path d=\"M469.333,181.26c-0.021-3.333-1.604-6.458-4.271-8.458l-38.396-28.797v-26.672c0-2.833-1.125-5.542-3.125-7.542     L316.875,3.125c-2-2-4.708-3.125-7.542-3.125h-224C61.812,0,42.667,19.135,42.667,42.667v101.339L4.271,172.802     c-2.667,2-4.25,5.125-4.271,8.458c0,0.026,0.017,0.047,0.017,0.073H0v245.333c0,23.531,19.146,42.667,42.667,42.667h384     c23.521,0,42.667-19.135,42.667-42.667V181.333h-0.017C469.316,181.307,469.333,181.286,469.333,181.26z M426.667,170.659     l14.417,10.81c-3.905,3.031-8.874,6.893-14.417,11.208V170.659z M320,36.417l70.25,70.25h-48.917     c-11.771,0-21.333-9.573-21.333-21.333V36.417z M64,42.667c0-11.76,9.563-21.333,21.333-21.333h213.333v64     c0,23.531,19.146,42.667,42.667,42.667h64v81.323c-14.94,11.681-32.137,25.18-49.859,39.198     c-5.341-8.363-12.677-15.422-21.641-19.979c-23.208-11.802-59.271-25.875-99.167-25.875s-75.958,14.073-99.167,25.875     c-8.997,4.576-16.355,11.664-21.707,20.061C96.095,234.577,78.921,221.068,64,209.38V42.667z M338.833,261.72     c-35.638,28.339-70.63,56.678-89.625,73.499c-4.479,3.948-18.542,9.625-29.417,0c-19.102-16.908-53.923-45.163-89.371-73.404     c3.322-6.081,8.396-11.023,14.746-14.253c21.146-10.75,53.813-23.563,89.5-23.563s68.354,12.813,89.5,23.563     C330.488,250.77,335.525,255.68,338.833,261.72z M42.667,170.664v22.042c-5.544-4.324-10.51-8.19-14.417-11.227L42.667,170.664z      M448,426.667c0,11.76-9.563,21.333-21.333,21.333h-384c-11.771,0-21.333-9.573-21.333-21.333V203.117     c44.484,34.622,147.363,115.349,184.333,148.081c8.479,7.5,18.375,11.469,28.667,11.469c10.354,0,20.646-4.073,29-11.469     C301.754,317.191,406.669,235.228,448,203.109V426.667z\" data-original=\"#000000\" class=\"active-path\" data-old_color=\"#000000\" fill=\"#FFFFFF\"><\/path>\t\t\t<path d=\"M234.667,192c35.292,0,64-28.708,64-64c0-35.292-28.708-64-64-64s-64,28.708-64,64     C170.667,163.292,199.375,192,234.667,192z M234.667,85.333c23.521,0,42.667,19.135,42.667,42.667s-19.146,42.667-42.667,42.667     S192,151.531,192,128S211.146,85.333,234.667,85.333z\" data-original=\"#000000\" class=\"active-path\" data-old_color=\"#000000\" fill=\"#FFFFFF\"><\/path>\t\t<\/g>\t<\/g><\/g><\/g> <\/svg>\t\t\t\t<\/a>\n\t\t\t<\/div>\n\t\t\t\n\t\t\t\t\t\t<div class=\"elementor-icon-box-content\">\n\n\t\t\t\t\t\t\t\t\t<div class=\"elementor-icon-box-title\">\n\t\t\t\t\t\t<a href=\"mailto:samantha@micelogic.com\" >\n\t\t\t\t\t\t\tEmail\t\t\t\t\t\t<\/a>\n\t\t\t\t\t<\/div>\n\t\t\t\t\n\t\t\t\t\t\t\t\t\t<p class=\"elementor-icon-box-description\">\n\t\t\t\t\t\tsamantha@micelogic.com\t\t\t\t\t<\/p>\n\t\t\t\t\n\t\t\t<\/div>\n\t\t\t\n\t\t<\/div>\n\t\t\t\t<\/div>\n\t\t\t\t<\/div>\n\t\t\t\t<div class=\"elementor-element elementor-element-176b382 elementor-position-left elementor-view-default elementor-mobile-position-top elementor-vertical-align-top elementor-widget elementor-widget-icon-box\" data-id=\"176b382\" data-element_type=\"widget\" data-widget_type=\"icon-box.default\">\n\t\t\t\t<div class=\"elementor-widget-container\">\n\t\t\t\t\t<div class=\"elementor-icon-box-wrapper\">\n\n\t\t\t\t\t\t<div class=\"elementor-icon-box-icon\">\n\t\t\t\t<a href=\"https:\/\/www.linkedin.com\/in\/samanthaperezvazquez\/\" target=\"_blank\" class=\"elementor-icon elementor-animation-\" tabindex=\"-1\">\n\t\t\t\t<svg xmlns:inkscape=\"http:\/\/www.inkscape.org\/namespaces\/inkscape\" xmlns:sodipodi=\"http:\/\/sodipodi.sourceforge.net\/DTD\/sodipodi-0.dtd\" xmlns=\"http:\/\/www.w3.org\/2000\/svg\" xmlns:svg=\"http:\/\/www.w3.org\/2000\/svg\" viewBox=\"0 0 512 512\" xml:space=\"preserve\" id=\"svg24\" sodipodi:docname=\"linkedin.svg\" width=\"512\" height=\"512\" inkscape:version=\"1.1 (c68e22c387, 2021-05-23)\"><defs id=\"defs28\"><\/defs><style type=\"text\/css\" id=\"style2\">\t.st0{fill:#231F20;}<\/style><g id=\"FB\" transform=\"translate(224,224)\"><\/g><g id=\"ig\" transform=\"translate(224,224)\"><\/g><g id=\"yt\" transform=\"translate(224,224)\"><\/g><g id=\"twitter\" transform=\"translate(224,224)\"><\/g><g id=\"snapchat\" transform=\"translate(224,224)\"><\/g><g id=\"WA\" transform=\"translate(224,224)\"><\/g><g id=\"Pinterrest\" transform=\"translate(224,224)\"><\/g><g id=\"g15\" transform=\"matrix(8.2580645,0,0,8.2580645,-8.2580645,-8.2580645)\" style=\"fill:#ffffff\"><g id=\"g13\" style=\"fill:#ffffff\"><path d=\"M 58,63 H 6 C 3.2,63 1,60.8 1,58 V 6 C 1,3.2 3.2,1 6,1 h 52 c 2.8,0 5,2.2 5,5 v 52 c 0,2.8 -2.2,5 -5,5 z M 6,3 C 4.3,3 3,4.3 3,6 v 52 c 0,1.7 1.3,3 3,3 h 52 c 1.7,0 3,-1.3 3,-3 V 6 C 61,4.3 59.7,3 58,3 Z m 46,50 h -7.1 c -0.6,0 -1,-0.4 -1,-1 V 38.2 c 0,-3.7 -0.2,-4.9 -0.4,-5.3 -0.2,-0.7 -0.6,-1.2 -1.1,-1.5 -0.5,-0.4 -1.1,-0.5 -1.8,-0.5 -1,0 -1.9,0.3 -2.6,0.8 -0.8,0.6 -1.3,1.3 -1.6,2.2 -0.2,0.7 -0.5,2.3 -0.5,5.9 V 52 c 0,0.6 -0.4,1 -1,1 h -8.6 c -0.6,0 -1,-0.4 -1,-1 V 24.4 c 0,-0.6 0.4,-1 1,-1 h 7.1 c 0.6,0 1,0.4 1,1 v 1.5 c 2.3,-2.1 5,-3.1 8.2,-3.1 1.8,0 3.4,0.3 4.9,1 1.5,0.6 2.7,1.5 3.5,2.5 0.8,1 1.3,2.2 1.6,3.4 0.3,1.2 0.4,2.9 0.4,5.1 V 52 c 0,0.6 -0.4,1 -1,1 z M 45.9,51 H 51 V 34.9 c 0,-2 -0.1,-3.6 -0.4,-4.7 -0.2,-1 -0.7,-1.9 -1.3,-2.7 -0.6,-0.8 -1.5,-1.4 -2.7,-1.9 -1.2,-0.5 -2.6,-0.8 -4.1,-0.8 -3.4,0 -6.2,1.4 -8.4,4.3 -0.3,0.3 -0.7,0.5 -1.1,0.3 -0.4,-0.1 -0.7,-0.5 -0.7,-0.9 V 25.4 H 27.2 V 51 h 6.6 V 39.8 c 0,-3.2 0.2,-5.3 0.6,-6.5 0.4,-1.3 1.2,-2.4 2.3,-3.2 1.1,-0.8 2.4,-1.2 3.8,-1.2 1.1,0 2.1,0.3 3,0.9 0.8,0.6 1.4,1.4 1.8,2.5 0.2,0.6 0.5,1.9 0.5,6 V 51 Z M 19.1,53 H 12 c -0.6,0 -1,-0.4 -1,-1 V 24.4 c 0,-0.6 0.4,-1 1,-1 h 7.1 c 0.6,0 1,0.4 1,1 V 52 c 0,0.6 -0.4,1 -1,1 z M 13,51 h 5.1 V 25.4 H 13 Z m 2.6,-31.1 c -2.5,0 -4.6,-2 -4.6,-4.4 0,-2.4 2.1,-4.4 4.6,-4.4 2.5,0 4.6,2 4.6,4.4 0,2.4 -2.1,4.4 -4.6,4.4 z m 0,-6.9 c -1.4,0 -2.6,1.1 -2.6,2.4 0,1.3 1.2,2.4 2.6,2.4 1.4,0 2.6,-1.1 2.6,-2.4 C 18.2,14.1 17,13 15.6,13 Z\" id=\"path11\" style=\"fill:#ffffff\"><\/path><\/g><\/g><g id=\"Messenger\" transform=\"translate(224,224)\"><\/g><g id=\"Tiktok\" transform=\"translate(224,224)\"><\/g><g id=\"VK\" transform=\"translate(224,224)\"><\/g><g id=\"Thumblr\" transform=\"translate(224,224)\"><\/g><g id=\"OK.ru\" transform=\"translate(224,224)\"><\/g><g id=\"Weibo\" transform=\"translate(224,224)\"><\/g><\/svg>\t\t\t\t<\/a>\n\t\t\t<\/div>\n\t\t\t\n\t\t\t\t\t\t<div class=\"elementor-icon-box-content\">\n\n\t\t\t\t\t\t\t\t\t<div class=\"elementor-icon-box-title\">\n\t\t\t\t\t\t<a href=\"https:\/\/www.linkedin.com\/in\/samanthaperezvazquez\/\" target=\"_blank\" >\n\t\t\t\t\t\t\tLinkedIn\t\t\t\t\t\t<\/a>\n\t\t\t\t\t<\/div>\n\t\t\t\t\n\t\t\t\t\t\t\t\t\t<p class=\"elementor-icon-box-description\">\n\t\t\t\t\t\tsamanthaperezvazquez\t\t\t\t\t<\/p>\n\t\t\t\t\n\t\t\t<\/div>\n\t\t\t\n\t\t<\/div>\n\t\t\t\t<\/div>\n\t\t\t\t<\/div>\n\t\t\t\t\t<\/div>\n\t\t<\/div>\n\t\t\t\t<div class=\"elementor-column elementor-col-66 elementor-inner-column elementor-element elementor-element-fc6e1eb\" data-id=\"fc6e1eb\" data-element_type=\"column\" data-settings=\"{&quot;background_background&quot;:&quot;classic&quot;,&quot;animation&quot;:&quot;none&quot;}\">\n\t\t\t<div class=\"elementor-widget-wrap elementor-element-populated\">\n\t\t\t\t\t\t<div class=\"elementor-element elementor-element-d787c3d elementor-widget elementor-widget-rs-heading\" data-id=\"d787c3d\" data-element_type=\"widget\" data-widget_type=\"rs-heading.default\">\n\t\t\t\t<div class=\"elementor-widget-container\">\n\t\t\t        <div class=\"rs-heading default left \">\r\n        \t<div class=\"title-inner\">\r\n        \t\t      \t\t\r\n\t            <h2 class=\"title\"><span class=\"watermark\"><\/span>Cont\u00e1ctanos para comentar las necesidades de su empresa<\/h2>\t        <\/div>\r\n\t                <\/div>\r\n\r\n        \t\t<\/div>\n\t\t\t\t<\/div>\n\t\t\t\t<div class=\"elementor-element elementor-element-63f8686 elementor-widget elementor-widget-rs-cf7\" data-id=\"63f8686\" data-element_type=\"widget\" data-widget_type=\"rs-cf7.default\">\n\t\t\t\t<div class=\"elementor-widget-container\">\n\t\t\t\n<div class=\"wpcf7 no-js\" id=\"wpcf7-f13824-o1\" lang=\"es-ES\" dir=\"ltr\" data-wpcf7-id=\"13824\">\n<div class=\"screen-reader-response\"><p role=\"status\" aria-live=\"polite\" aria-atomic=\"true\"><\/p> <ul><\/ul><\/div>\n<form action=\"\/es\/wp-json\/wp\/v2\/pages\/13825#wpcf7-f13824-o1\" method=\"post\" class=\"wpcf7-form init\" aria-label=\"Formulario de contacto\" novalidate=\"novalidate\" data-status=\"init\">\n<div style=\"display: none;\">\n<input type=\"hidden\" name=\"_wpcf7\" value=\"13824\" \/>\n<input type=\"hidden\" name=\"_wpcf7_version\" value=\"6.0\" \/>\n<input type=\"hidden\" name=\"_wpcf7_locale\" value=\"es_ES\" \/>\n<input type=\"hidden\" name=\"_wpcf7_unit_tag\" value=\"wpcf7-f13824-o1\" \/>\n<input type=\"hidden\" name=\"_wpcf7_container_post\" value=\"0\" \/>\n<input type=\"hidden\" name=\"_wpcf7_posted_data_hash\" value=\"\" \/>\n<\/div>\n<div class=\"row\">\n\t<div class=\"col-sm-6\">\n\t\t<p><span class=\"wpcf7-form-control-wrap\" data-name=\"your-name\"><input size=\"40\" maxlength=\"400\" class=\"wpcf7-form-control wpcf7-text wpcf7-validates-as-required\" aria-required=\"true\" aria-invalid=\"false\" placeholder=\"Nombre\" value=\"\" type=\"text\" name=\"your-name\" \/><\/span>\n\t\t<\/p>\n\t<\/div>\n\t<div class=\"col-sm-6\">\n\t\t<p><span class=\"wpcf7-form-control-wrap\" data-name=\"your-email\"><input size=\"40\" maxlength=\"400\" class=\"wpcf7-form-control wpcf7-email wpcf7-validates-as-required wpcf7-text wpcf7-validates-as-email\" aria-required=\"true\" aria-invalid=\"false\" placeholder=\"Email\" value=\"\" type=\"email\" name=\"your-email\" \/><\/span>\n\t\t<\/p>\n\t<\/div>\n\t<div class=\"col-sm-6\">\n\t\t<p><span class=\"wpcf7-form-control-wrap\" data-name=\"your-phone\"><input size=\"40\" maxlength=\"400\" class=\"wpcf7-form-control wpcf7-text wpcf7-validates-as-required\" aria-required=\"true\" aria-invalid=\"false\" placeholder=\"Tel\u00e9fono\" value=\"\" type=\"text\" name=\"your-phone\" \/><\/span>\n\t\t<\/p>\n\t<\/div>\n\t<div class=\"col-sm-6\">\n\t\t<p><span class=\"wpcf7-form-control-wrap\" data-name=\"your-company\"><input size=\"40\" maxlength=\"400\" class=\"wpcf7-form-control wpcf7-text\" aria-invalid=\"false\" placeholder=\"Tu Empresa\" value=\"\" type=\"text\" name=\"your-company\" \/><\/span>\n\t\t<\/p>\n\t<\/div>\n\t<div class=\"col-sm-12\">\n\t\t<p><span class=\"wpcf7-form-control-wrap\" data-name=\"your-message\"><textarea cols=\"40\" rows=\"10\" maxlength=\"2000\" class=\"wpcf7-form-control wpcf7-textarea\" aria-invalid=\"false\" placeholder=\"Tu Mensaje\" name=\"your-message\"><\/textarea><\/span>\n\t\t<\/p>\n\t<\/div>\n\t<div class=\"form-button col-sm-12\">\n\t\t<p class=\"submit-btn\"><input class=\"wpcf7-form-control wpcf7-submit has-spinner\" type=\"submit\" value=\"Enviar\" \/>\n\t\t<\/p>\n\t<\/div>\n<\/div><div class=\"wpcf7-response-output\" aria-hidden=\"true\"><\/div>\n<\/form>\n<\/div>\n\t\t<\/div>\n\t\t\t\t<\/div>\n\t\t\t\t\t<\/div>\n\t\t<\/div>\n\t\t\t\t\t<\/div>\n\t\t<\/section>\n\t\t\t\t\t<\/div>\n\t\t<\/div>\n\t\t\t\t\t<\/div>\n\t\t<\/section>\n\t\t\t\t<\/div>\n\t\t","protected":false},"excerpt":{"rendered":"<p>Informaci\u00f3n Tel\u00e9fono (+34) 647 585 553 Email samantha@micelogic.com LinkedIn samanthaperezvazquez Cont\u00e1ctanos para comentar las necesidades de su empresa<\/p>\n","protected":false},"author":1,"featured_media":0,"parent":0,"menu_order":0,"comment_status":"closed","ping_status":"closed","template":"","meta":{"footnotes":""},"class_list":["post-13825","page","type-page","status-publish","hentry"],"aioseo_notices":[],"_links":{"self":[{"href":"https:\/\/www.micelogic.com\/es\/wp-json\/wp\/v2\/pages\/13825","targetHints":{"allow":["GET"]}}],"collection":[{"href":"https:\/\/www.micelogic.com\/es\/wp-json\/wp\/v2\/pages"}],"about":[{"href":"https:\/\/www.micelogic.com\/es\/wp-json\/wp\/v2\/types\/page"}],"author":[{"embeddable":true,"href":"https:\/\/www.micelogic.com\/es\/wp-json\/wp\/v2\/users\/1"}],"replies":[{"embeddable":true,"href":"https:\/\/www.micelogic.com\/es\/wp-json\/wp\/v2\/comments?post=13825"}],"version-history":[{"count":16,"href":"https:\/\/www.micelogic.com\/es\/wp-json\/wp\/v2\/pages\/13825\/revisions"}],"predecessor-version":[{"id":13931,"href":"https:\/\/www.micelogic.com\/es\/wp-json\/wp\/v2\/pages\/13825\/revisions\/13931"}],"wp:attachment":[{"href":"https:\/\/www.micelogic.com\/es\/wp-json\/wp\/v2\/media?parent=13825"}],"curies":[{"name":"wp","href":"https:\/\/api.w.org\/{rel}","templated":true}]}}