{"id":13839,"date":"2022-07-04T19:03:32","date_gmt":"2022-07-04T17:03:32","guid":{"rendered":"https:\/\/www.micelogic.com\/es\/?page_id=13839"},"modified":"2022-07-04T19:12:50","modified_gmt":"2022-07-04T17:12:50","slug":"privacidad","status":"publish","type":"page","link":"https:\/\/www.micelogic.com\/es\/privacidad\/","title":{"rendered":"Pol\u00edtica de privacidad"},"content":{"rendered":"\t\t<div data-elementor-type=\"wp-page\" data-elementor-id=\"13839\" class=\"elementor elementor-13839\">\n\t\t\t\t\t\t<section class=\"elementor-section elementor-top-section elementor-element elementor-element-2bd422e elementor-section-boxed elementor-section-height-default elementor-section-height-default\" data-id=\"2bd422e\" data-element_type=\"section\">\n\t\t\t\t\t\t<div class=\"elementor-container elementor-column-gap-default\">\n\t\t\t\t\t<div class=\"elementor-column elementor-col-100 elementor-top-column elementor-element elementor-element-5729506\" data-id=\"5729506\" data-element_type=\"column\">\n\t\t\t<div class=\"elementor-widget-wrap elementor-element-populated\">\n\t\t\t\t\t\t<div class=\"elementor-element elementor-element-f64816c elementor-widget elementor-widget-text-editor\" data-id=\"f64816c\" data-element_type=\"widget\" data-widget_type=\"text-editor.default\">\n\t\t\t\t<div class=\"elementor-widget-container\">\n\t\t\t\t\t\t\t<h2>Sobre su privacidad<\/h2><p>En MICE Logic, accesible desde https:\/\/micelogic.com, una de nuestras principales prioridades es la privacidad de nuestros visitantes. Este documento de Pol\u00edtica de privacidad menciona distintos tipos de informaci\u00f3n que MICE Logic recopila y registra y c\u00f3mo se utilizan \u00e9stos de acuerdo a la normativa legal. Si tienes alguna consulta o necesitas m\u00e1s informaci\u00f3n sobre nuestra Pol\u00edtica de privacidad, no dudes en contactar con nosotros en el email samantha@micelogic.com. Esta Pol\u00edtica de privacidad se aplica s\u00f3lo a nuestra actividad online y es v\u00e1lida para los visitantes de nuestra web con respecto a la informaci\u00f3n que comparti\u00f3 y\/o recopil\u00f3 de micelogic.com. Esta pol\u00edtica no se aplica a ninguna informaci\u00f3n recopilada fuera de la web o a trav\u00e9s de canales que no sean esta p\u00e1gina web. Nuestra Pol\u00edtica de privacidad se cre\u00f3 con la ayuda del Generador de pol\u00edticas de privacidad y el Generador de pol\u00edticas de privacidad gratuito y se ajust\u00f3\/modific\u00f3 en funci\u00f3n de la naturaleza y la din\u00e1mica de esta p\u00e1gina web.<\/p><h2>Consentimiento<\/h2><p>Al usar nuestra p\u00e1gina web, los usuarios aceptan nuestra Pol\u00edtica de privacidad y aceptan sus t\u00e9rminos. Para conocer nuestros T\u00e9rminos y condiciones, visite el Generador de t\u00e9rminos y condiciones.<\/p><h2>Definici\u00f3n de datos personales<\/h2><p>Los datos personales consisten en toda la informaci\u00f3n relacionada con una persona identificada o identificable, que incluir\u00eda, por ejemplo, nombres, direcciones, n\u00fameros de tel\u00e9fono, direcciones de correo electr\u00f3nico, como expresi\u00f3n de la identidad de una persona.<\/p><h2>La informaci\u00f3n que recopilamos<\/h2><p>Recopilaremos y procesaremos informaci\u00f3n personal (incluidas las direcciones IP) en dos (2) niveles diferentes: \u2013 Base legal estatutaria para hacerlo, y; \u2013 La informaci\u00f3n personal que se le solicita que proporcione, en cuyo caso le dejaremos claro por qu\u00e9 solicitamos dicha informaci\u00f3n ( por ejemplo , la secci\u00f3n &#8220;Contacto&#8221;). Otro ejemplo ser\u00eda, si se comunica con nosotros directamente (por ejemplo, a trav\u00e9s de samantha@micelogic.com), podemos recibir informaci\u00f3n adicional sobre usted, como su nombre, direcci\u00f3n de correo electr\u00f3nico, n\u00famero de tel\u00e9fono, el contenido del mensaje y\/o archivos adjuntos que puede enviarnos y cualquier otra informaci\u00f3n que decida proporcionar.<\/p><h2>Prop\u00f3sitos del procesamiento y su base legal<\/h2><p>\u2013 Para mejorar, personalizar y ampliar nuestra pagina web; =&gt; Base jur\u00eddica: Consentimiento del usuario (Art. 6.1(a) del RGPD); \u2013 Para entender c\u00f3mo los visitantes usan nuestro sitio web; =&gt; Base jur\u00eddica: Consentimiento del usuario (Art. 6.1(a) del RGPD); \u2013 Para analizar tendencias, administrar el sitio, rastrear el movimiento de los usuarios en la p\u00e1gina web y recopilar informaci\u00f3n demogr\u00e1fica; =&gt; Base jur\u00eddica: Consentimiento del usuario (Art. 6.1(a) del RGPD); \u2013 Para desarrollar nuevos servicios, caracter\u00edsticas y funcionalidades; =&gt; Base jur\u00eddica: Consentimiento del usuario (Art. 6.1(a) del RGPD); \u2013 Para comunicarnos con usted con actualizaciones o cualquier informaci\u00f3n adicional solicitada a trav\u00e9s de nuestro formulario de Contacto; =&gt; Base Jur\u00eddica: Relaci\u00f3n contractual existente (Art. 6.1(b) del RGPD). \u2013 Para encontrar y prevenir el fraude; =&gt; Base Legal: Obligaci\u00f3n Legal (Art. 6.1(c) del RGPD;<\/p><h2>Proveedores de servicio<\/h2><p>MICE Logic involucra a proveedores de servicios externos con funciones tales como servicios de dise\u00f1o web, servicios de alojamiento de datos, servicios de dise\u00f1o estructural, facturaci\u00f3n y gesti\u00f3n de pagos. Estos proveedores de servicios han sido cuidadosamente seleccionados y son objeto de seguimientos peri\u00f3dicos, especialmente en lo que se refiere a la diligencia y protecci\u00f3n de los datos que almacenan. Todos los proveedores de servicios est\u00e1n obligados a mantener la confidencialidad y cumplir con las disposiciones legales.<\/p><h2>Archivos de registro<\/h2><p>MICE Logic sigue un procedimiento est\u00e1ndar de uso de archivos de registro. Estos archivos de registro se desarrollan cuando los visitantes acceden a las p\u00e1ginas web. Todas las empresas de hospedaje hacen esto y es parte del an\u00e1lisis de los servicios de hospedaje. La informaci\u00f3n recopilada por los archivos de registro incluye direcciones de protocolo de Internet (IP), tipo de navegador, proveedor de servicios de Internet (ISP), marca de fecha y hora, p\u00e1ginas de referencia\/salida y, posiblemente, la cantidad de clics. Tenga en cuenta que estos archivos de registro no est\u00e1n vinculados a ninguna informaci\u00f3n de identificaci\u00f3n personal. Si bien esta informaci\u00f3n depende de la empresa de alojamiento, entendemos que se guarda la siguiente informaci\u00f3n (solo como ejemplo), para mayor claridad de esta Pol\u00edtica de privacidad: \u2013 Direcci\u00f3n IP (direcci\u00f3n de protocolo de Internet) del dispositivo terminal utilizado para acceder a la Oferta en l\u00ednea; \u2013 Direcci\u00f3n de Internet del sitio web desde el que se accede a la Oferta en l\u00ednea (la denominada URL de origen o URL de referencia); \u2013 Nombre del proveedor de servicios que se utiliz\u00f3 para acceder a la Oferta en l\u00ednea; \u2013 Nombre de los archivos o informaci\u00f3n a la que se accede; \u2013 Fecha y hora, as\u00ed como la duraci\u00f3n de la recuperaci\u00f3n de los datos; \u2013 Cantidad de datos transferidos; \u2013 Sistema operativo e informaci\u00f3n sobre el navegador de Internet utilizado, incluidos los complementos instalados (p. ej., Flash Player), y; \u2013 c\u00f3digo de estado http (p. ej., \u201cSolicitud exitosa\u201d o \u201cArchivo solicitado no encontrado\u201d).<\/p><h2>Transferencia de datos a otros controladores<\/h2><p>Principalmente, sus datos personales se transmiten a otros controladores solo si es necesario para el cumplimiento de una obligaci\u00f3n contractual, o si nosotros mismos, o un tercero, tenemos un inter\u00e9s leg\u00edtimo en la transferencia de datos, o si ha dado su consentimiento. Asimismo, los datos podr\u00e1n ser cedidos a otros responsables del tratamiento cuando nos veamos obligados a ello por normativa legal u \u00f3rdenes administrativas o judiciales ejecutoriadas.<br \/>Transferencia a Destinatarios fuera del Espacio Econ\u00f3mico Europeo (EEE)<br \/>MICE Logic podr\u00eda transferir datos personales a destinatarios ubicados fuera del EEE a los llamados pa\u00edses terciarios. En tales casos, antes de la transferencia, nos aseguramos de que el destinatario de los datos proporcione un nivel adecuado de protecci\u00f3n de datos. En tal caso, tiene derecho a recibir una descripci\u00f3n general de los destinatarios de terceros pa\u00edses y una copia de las disposiciones espec\u00edficamente acordadas que garantizan un nivel adecuado de protecci\u00f3n de datos.<\/p><h2>Duraci\u00f3n del almacenamiento, per\u00edodos de retenci\u00f3n<\/h2><p>Principalmente, conservamos sus datos mientras sea necesario para el cumplimiento de la finalidad para la que se obtuvieron, para el cumplimiento del contrato y por inter\u00e9s leg\u00edtimo. En todos los dem\u00e1s casos, eliminamos sus datos personales con la excepci\u00f3n de los datos que estamos obligados a almacenar para el cumplimiento de las obligaciones legales (por ejemplo, debido a los per\u00edodos de retenci\u00f3n en virtud de los c\u00f3digos fiscal y comercial, estamos obligados a tener documentos como contratos y facturas disponibles para un per\u00edodo de tiempo determinado).<\/p><h2>Cookies<\/h2><p>MICE Logic utiliza &#8216;cookies&#8217;. Estas cookies se utilizan para almacenar informaci\u00f3n, incluidas las preferencias de los usuarios y las p\u00e1ginas del sitio web a las que accedi\u00f3 o visit\u00f3 el visitante. La informaci\u00f3n se utiliza para optimizar la experiencia de los usuarios al personalizar el contenido de nuestra p\u00e1gina web seg\u00fan el tipo de navegador de los visitantes y\/u otra informaci\u00f3n.<\/p><h2>Plugins sociales<\/h2><p>Los \u201cplugins\u201d son extensiones independientes de proveedores de redes sociales. Por este motivo, no podemos influir en el alcance de los datos recopilados y almacenados por ellos. Al usar \u201cplugins\u201d, su navegador de Internet crea una conexi\u00f3n directa con el servidor de las respectivas redes sociales. Por la presente, el proveedor respectivo recibe la informaci\u00f3n a la que accedi\u00f3 su navegador de Internet desde el sitio respectivo de nuestro sitio web, incluso si no tiene una cuenta de usuario con este proveedor o actualmente no ha iniciado sesi\u00f3n en su cuenta. En este caso, los archivos de registro (incluida la direcci\u00f3n IP) se transmiten directamente desde su navegador de Internet a un servidor del proveedor respectivo y pueden almacenarse all\u00ed. Tenga en cuenta que el proveedor o su servidor pueden estar ubicados fuera de la UE o del EEE (por ejemplo, en Estados Unidos). El prop\u00f3sito y el alcance de la recopilaci\u00f3n, el procesamiento continuo y el uso de datos por parte de la red social, as\u00ed como sus respectivos derechos y opciones de configuraci\u00f3n para proteger su privacidad se pueden obtener consultando los avisos de protecci\u00f3n de datos de la red social respectiva. En caso de que no desee que los proveedores de redes sociales reciban y, en su caso, almacenen o utilicen datos, no debe utilizar los \u201cplugins\u201d correspondientes. Estos plugins son, por ejemplo Linkedin.<\/p><h2>Derechos de protecci\u00f3n de datos RGPD<\/h2><p>MICE Logic desea asegurarse de que los usuarios sean plenamente conscientes de todos sus derechos de protecci\u00f3n de datos. Cada usuario tiene derecho a lo siguiente: \u2013 El derecho de acceso \u2013 Los usuarios tienen derecho a solicitar copias de sus datos personales, en caso de que se recopilen datos. MICE Logic puede cobrarle una peque\u00f1a tarifa por este servicio; \u2013 El derecho a la rectificaci\u00f3n \u2013 Los usuarios tienen derecho a solicitar que corrijamos cualquier informaci\u00f3n que los usuarios crean que es inexacta. Los usuarios tambi\u00e9n tienen derecho a solicitar que MICE Logic complete la informaci\u00f3n que se cree que est\u00e1 incompleta; \u2013 El derecho a eliminar \u2013 Los usuarios tienen derecho a solicitar que MICE Logic borre los datos personales del usuario, bajo ciertas condiciones y en caso de que se recopilen datos; \u2013 El derecho a restringir el procesamiento: los usuarios tienen derecho a solicitar que MICE Logic restrinja el procesamiento de sus datos personales, bajo ciertas condiciones y en caso de que se recopilen datos; \u2013 El derecho a oponerse al procesamiento: los usuarios tienen derecho a oponerse al procesamiento de MICE Logic de los datos personales del usuario, bajo ciertas condiciones y en caso de que se recopilen datos; \u2013 El derecho a la portabilidad de datos: los usuarios tienen derecho a solicitar que MICE Logic transfiera los datos recopilados a otra organizaci\u00f3n, o directamente a usted, bajo ciertas condiciones y en caso de que se recopilen datos; \u2013 El derecho de revocaci\u00f3n; En caso de que haya dado su consentimiento para el procesamiento de sus datos, tiene derecho a revocar este consentimiento en cualquier momento con efecto para el futuro. La legalidad del procesamiento de datos antes de su retiro permanece sin cambios. En caso de recibir una solicitud de un usuario, MICE Logic tiene treinta (30) d\u00edas naturales para responder hasta un m\u00e1ximo de ciento ochenta (180) d\u00edas naturales a partir de la recepci\u00f3n de su mensaje a m\u00e1s tardar. Adem\u00e1s, si desea ejercer cualquiera de los derechos anteriores, comun\u00edquese con samantha@micelogic.com.<\/p><h2>Derecho a quejarse<\/h2><p>Tiene derecho a presentar una denuncia ante las autoridades competentes. Para ello, puede dirigirse a las autoridades de protecci\u00f3n de datos competentes en su ciudad o regi\u00f3n, o a las autoridades de protecci\u00f3n de datos competentes para MICE Logic en: \u2013 Agencia Espa\u00f1ola de Protecci\u00f3n de Datos: C\/ Jorge Juan 6, 28001 Madrid, Espa\u00f1a.<\/p><h2>Pol\u00edticas de privacidad de terceros<\/h2><p>La Pol\u00edtica de privacidad de MICE Logic no se aplica a otros anunciantes o sitios web. Por lo tanto, le recomendamos que consulte las Pol\u00edticas de privacidad respectivas de estos servidores de anuncios de terceros para obtener informaci\u00f3n m\u00e1s detallada. Puede incluir sus pr\u00e1cticas e instrucciones sobre c\u00f3mo excluirse de ciertas opciones. Puede optar por deshabilitar las cookies a trav\u00e9s de las opciones de su navegador individual. Para conocer informaci\u00f3n m\u00e1s detallada sobre la gesti\u00f3n de cookies con navegadores web espec\u00edficos, se puede encontrar en los sitios web respectivos de los navegadores.<\/p><h2>Herramientas de comunicaci\u00f3n en plataformas de redes sociales<\/h2><p>MICE Logic utiliza en nuestra plataforma de redes sociales (por ejemplo, LinkedIn) herramientas de comunicaci\u00f3n para procesar sus mensajes enviados a trav\u00e9s de esta plataforma de redes sociales, en caso de que sea necesario. Al enviar un mensaje a trav\u00e9s de nuestra plataforma de redes sociales, el mensaje se procesa para gestionar su consulta (y, si es necesario, datos adicionales que recibimos del proveedor de redes sociales en relaci\u00f3n con este mensaje, como su nombre o archivos). Adem\u00e1s, MICE Logic puede analizar estos datos de forma agregada y an\u00f3nima para comprender mejor c\u00f3mo se utiliza nuestra plataforma de redes sociales. La base legal para el tratamiento de sus datos es nuestro inter\u00e9s leg\u00edtimo (Art. 6.1(f) del RGPD) o, en su caso, una relaci\u00f3n contractual existente (Art. 6.1(b) del RGPD).<\/p><h2>Informaci\u00f3n sobre ni\u00f1os<\/h2><p>Otra parte de nuestra prioridad es agregar protecci\u00f3n para los ni\u00f1os mientras usan Internet. Alentamos a los padres y tutores a observar, participar y\/o monitorear y guiar su actividad en l\u00ednea. MICE Logic no recopila a sabiendas ninguna informaci\u00f3n de identificaci\u00f3n personal de ni\u00f1os menores de 14 a\u00f1os. Si cree que su hijo proporcion\u00f3 este tipo de informaci\u00f3n en nuestra p\u00e1gina web, le recomendamos encarecidamente que se comunique con nosotros de inmediato y haremos todo lo posible para responder de inmediato para eliminar dicha informaci\u00f3n de nuestros registros.<\/p><h2>Contacto<\/h2><p>Si desea ponerse en contacto con nosotros, utilice el apartado \u201cContacto\u201d de la web o en su defecto utilice la siguiente direcci\u00f3n de correo electr\u00f3nico: samantha@micelogic.com Asimismo, para hacer valer sus derechos y comunicar incidencias en materia de protecci\u00f3n de datos, utilice el apartado \u201cContacto\u201d del sitio web o la siguiente direcci\u00f3n de correo electr\u00f3nico: samantha@micelogic.com<\/p><h2>Cambios en la Pol\u00edtica de Privacidad y Aviso de Protecci\u00f3n de Datos<\/h2><p>MICE Logic se reserva el derecho a modificar sus medidas de seguridad y protecci\u00f3n de datos. En tales casos, modificaremos nuestro aviso de protecci\u00f3n de datos en consecuencia. Pol\u00edtica de Privacidad de Datos : versi\u00f3n 1.1 del 3 de enero de 2022.<\/p>\t\t\t\t\t\t<\/div>\n\t\t\t\t<\/div>\n\t\t\t\t\t<\/div>\n\t\t<\/div>\n\t\t\t\t\t<\/div>\n\t\t<\/section>\n\t\t\t\t<\/div>\n\t\t","protected":false},"excerpt":{"rendered":"<p>Sobre su privacidad En MICE Logic, accesible desde https:\/\/micelogic.com, una de nuestras principales prioridades es la privacidad de nuestros visitantes. Este documento de Pol\u00edtica de privacidad menciona distintos tipos de informaci\u00f3n que MICE Logic recopila y registra y c\u00f3mo se utilizan \u00e9stos de acuerdo a la normativa legal. Si tienes alguna consulta o necesitas m\u00e1s&#8230;<\/p>\n","protected":false},"author":1,"featured_media":0,"parent":0,"menu_order":0,"comment_status":"closed","ping_status":"closed","template":"","meta":{"footnotes":""},"class_list":["post-13839","page","type-page","status-publish","hentry"],"aioseo_notices":[],"_links":{"self":[{"href":"https:\/\/www.micelogic.com\/es\/wp-json\/wp\/v2\/pages\/13839","targetHints":{"allow":["GET"]}}],"collection":[{"href":"https:\/\/www.micelogic.com\/es\/wp-json\/wp\/v2\/pages"}],"about":[{"href":"https:\/\/www.micelogic.com\/es\/wp-json\/wp\/v2\/types\/page"}],"author":[{"embeddable":true,"href":"https:\/\/www.micelogic.com\/es\/wp-json\/wp\/v2\/users\/1"}],"replies":[{"embeddable":true,"href":"https:\/\/www.micelogic.com\/es\/wp-json\/wp\/v2\/comments?post=13839"}],"version-history":[{"count":8,"href":"https:\/\/www.micelogic.com\/es\/wp-json\/wp\/v2\/pages\/13839\/revisions"}],"predecessor-version":[{"id":13847,"href":"https:\/\/www.micelogic.com\/es\/wp-json\/wp\/v2\/pages\/13839\/revisions\/13847"}],"wp:attachment":[{"href":"https:\/\/www.micelogic.com\/es\/wp-json\/wp\/v2\/media?parent=13839"}],"curies":[{"name":"wp","href":"https:\/\/api.w.org\/{rel}","templated":true}]}}